{"id":5,"date":"2024-03-27T16:59:23","date_gmt":"2024-03-27T15:59:23","guid":{"rendered":"https:\/\/www.bausta.sk\/?page_id=5"},"modified":"2024-03-27T16:59:24","modified_gmt":"2024-03-27T15:59:24","slug":"rezim-udrzby","status":"publish","type":"page","link":"https:\/\/www.bausta.sk\/","title":{"rendered":"Re\u017eim \u00fadr\u017eby"},"content":{"rendered":"\n<div id=\"wp-block-themeisle-blocks-advanced-columns-38fdf81c\" class=\"wp-block-themeisle-blocks-advanced-columns alignfull has-2-columns has-desktop-equal-layout has-tablet-collapsedRows-layout has-mobile-collapsedRows-layout has-vertical-center has-dark-bg\"><div class=\"wp-block-themeisle-blocks-advanced-columns-overlay\"><\/div><div class=\"innerblocks-wrap\">\n<div id=\"wp-block-themeisle-blocks-advanced-column-0a1b5b8c\" class=\"wp-block-themeisle-blocks-advanced-column\">\n<figure class=\"wp-block-image size-full is-resized\"><img decoding=\"async\" src=\"https:\/\/demosites.io\/otter\/wp-content\/uploads\/sites\/664\/2022\/09\/placeholder-img-21-1.png\" alt=\"\" class=\"wp-image-388\" style=\"width:522px;height:360px\"\/><\/figure>\n<\/div>\n\n\n\n<div id=\"wp-block-themeisle-blocks-advanced-column-efa311e1\" class=\"wp-block-themeisle-blocks-advanced-column\">\n<h1 id=\"wp-block-themeisle-blocks-advanced-heading-341a26ad\" class=\"wp-block-themeisle-blocks-advanced-heading wp-block-themeisle-blocks-advanced-heading-341a26ad\">Pripravujeme pre v\u00e1s nov\u00fa str\u00e1nku<\/h1>\n\n\n\n<h2 id=\"wp-block-themeisle-blocks-advanced-heading-ba3a930f\" class=\"wp-block-themeisle-blocks-advanced-heading wp-block-themeisle-blocks-advanced-heading-ba3a930f\">Nav\u0161t\u00edvte n\u00e1s pros\u00edm nesk\u00f4r.<\/h2>\n<\/div>\n<\/div><\/div>\n","protected":false},"excerpt":{"rendered":"","protected":false},"author":1,"featured_media":0,"parent":0,"menu_order":0,"comment_status":"closed","ping_status":"closed","template":"templates\/wpmm-page-template.php","meta":{"_et_pb_use_builder":"","_et_pb_old_content":"","_et_gb_content_width":"","_monsterinsights_skip_tracking":false,"_monsterinsights_sitenote_active":false,"_monsterinsights_sitenote_note":"","_monsterinsights_sitenote_category":0,"_themeisle_gutenberg_block_has_review":false,"footnotes":""},"class_list":["post-5","page","type-page","status-publish","hentry"],"yoast_head":"<!-- This site is optimized with the Yoast SEO plugin v26.9 - https:\/\/yoast.com\/product\/yoast-seo-wordpress\/ -->\n<title>Re\u017eim \u00fadr\u017eby - Bausta<\/title>\n<meta name=\"robots\" content=\"index, follow, max-snippet:-1, max-image-preview:large, max-video-preview:-1\" \/>\n<link rel=\"canonical\" href=\"https:\/\/www.bausta.sk\/\" \/>\n<meta property=\"og:locale\" content=\"sk_SK\" \/>\n<meta property=\"og:type\" content=\"article\" \/>\n<meta property=\"og:title\" content=\"Re\u017eim \u00fadr\u017eby - Bausta\" \/>\n<meta property=\"og:url\" content=\"https:\/\/www.bausta.sk\/\" \/>\n<meta property=\"og:site_name\" content=\"Bausta\" \/>\n<meta property=\"article:modified_time\" content=\"2024-03-27T15:59:24+00:00\" \/>\n<meta property=\"og:image\" content=\"https:\/\/demosites.io\/otter\/wp-content\/uploads\/sites\/664\/2022\/09\/placeholder-img-21-1.png\" \/>\n<meta name=\"twitter:card\" content=\"summary_large_image\" \/>\n<script type=\"application\/ld+json\" class=\"yoast-schema-graph\">{\"@context\":\"https:\/\/schema.org\",\"@graph\":[{\"@type\":\"WebPage\",\"@id\":\"https:\/\/www.bausta.sk\/\",\"url\":\"https:\/\/www.bausta.sk\/\",\"name\":\"Re\u017eim \u00fadr\u017eby - Bausta\",\"isPartOf\":{\"@id\":\"https:\/\/www.bausta.sk\/#website\"},\"primaryImageOfPage\":{\"@id\":\"https:\/\/www.bausta.sk\/#primaryimage\"},\"image\":{\"@id\":\"https:\/\/www.bausta.sk\/#primaryimage\"},\"thumbnailUrl\":\"https:\/\/demosites.io\/otter\/wp-content\/uploads\/sites\/664\/2022\/09\/placeholder-img-21-1.png\",\"datePublished\":\"2024-03-27T15:59:23+00:00\",\"dateModified\":\"2024-03-27T15:59:24+00:00\",\"breadcrumb\":{\"@id\":\"https:\/\/www.bausta.sk\/#breadcrumb\"},\"inLanguage\":\"sk-SK\",\"potentialAction\":[{\"@type\":\"ReadAction\",\"target\":[\"https:\/\/www.bausta.sk\/\"]}]},{\"@type\":\"ImageObject\",\"inLanguage\":\"sk-SK\",\"@id\":\"https:\/\/www.bausta.sk\/#primaryimage\",\"url\":\"https:\/\/demosites.io\/otter\/wp-content\/uploads\/sites\/664\/2022\/09\/placeholder-img-21-1.png\",\"contentUrl\":\"https:\/\/demosites.io\/otter\/wp-content\/uploads\/sites\/664\/2022\/09\/placeholder-img-21-1.png\"},{\"@type\":\"BreadcrumbList\",\"@id\":\"https:\/\/www.bausta.sk\/#breadcrumb\",\"itemListElement\":[{\"@type\":\"ListItem\",\"position\":1,\"name\":\"Home\",\"item\":\"https:\/\/www.bausta.sk\/\"},{\"@type\":\"ListItem\",\"position\":2,\"name\":\"Re\u017eim \u00fadr\u017eby\"}]},{\"@type\":\"WebSite\",\"@id\":\"https:\/\/www.bausta.sk\/#website\",\"url\":\"https:\/\/www.bausta.sk\/\",\"name\":\"Bausta\",\"description\":\"Bausta - stavebn\u00e1 spolo\u010dnos\u0165\",\"potentialAction\":[{\"@type\":\"SearchAction\",\"target\":{\"@type\":\"EntryPoint\",\"urlTemplate\":\"https:\/\/www.bausta.sk\/?s={search_term_string}\"},\"query-input\":{\"@type\":\"PropertyValueSpecification\",\"valueRequired\":true,\"valueName\":\"search_term_string\"}}],\"inLanguage\":\"sk-SK\"}]}<\/script>\n<!-- \/ Yoast SEO plugin. -->","yoast_head_json":{"title":"Re\u017eim \u00fadr\u017eby - Bausta","robots":{"index":"index","follow":"follow","max-snippet":"max-snippet:-1","max-image-preview":"max-image-preview:large","max-video-preview":"max-video-preview:-1"},"canonical":"https:\/\/www.bausta.sk\/","og_locale":"sk_SK","og_type":"article","og_title":"Re\u017eim \u00fadr\u017eby - Bausta","og_url":"https:\/\/www.bausta.sk\/","og_site_name":"Bausta","article_modified_time":"2024-03-27T15:59:24+00:00","og_image":[{"url":"https:\/\/demosites.io\/otter\/wp-content\/uploads\/sites\/664\/2022\/09\/placeholder-img-21-1.png","type":"","width":"","height":""}],"twitter_card":"summary_large_image","schema":{"@context":"https:\/\/schema.org","@graph":[{"@type":"WebPage","@id":"https:\/\/www.bausta.sk\/","url":"https:\/\/www.bausta.sk\/","name":"Re\u017eim \u00fadr\u017eby - Bausta","isPartOf":{"@id":"https:\/\/www.bausta.sk\/#website"},"primaryImageOfPage":{"@id":"https:\/\/www.bausta.sk\/#primaryimage"},"image":{"@id":"https:\/\/www.bausta.sk\/#primaryimage"},"thumbnailUrl":"https:\/\/demosites.io\/otter\/wp-content\/uploads\/sites\/664\/2022\/09\/placeholder-img-21-1.png","datePublished":"2024-03-27T15:59:23+00:00","dateModified":"2024-03-27T15:59:24+00:00","breadcrumb":{"@id":"https:\/\/www.bausta.sk\/#breadcrumb"},"inLanguage":"sk-SK","potentialAction":[{"@type":"ReadAction","target":["https:\/\/www.bausta.sk\/"]}]},{"@type":"ImageObject","inLanguage":"sk-SK","@id":"https:\/\/www.bausta.sk\/#primaryimage","url":"https:\/\/demosites.io\/otter\/wp-content\/uploads\/sites\/664\/2022\/09\/placeholder-img-21-1.png","contentUrl":"https:\/\/demosites.io\/otter\/wp-content\/uploads\/sites\/664\/2022\/09\/placeholder-img-21-1.png"},{"@type":"BreadcrumbList","@id":"https:\/\/www.bausta.sk\/#breadcrumb","itemListElement":[{"@type":"ListItem","position":1,"name":"Home","item":"https:\/\/www.bausta.sk\/"},{"@type":"ListItem","position":2,"name":"Re\u017eim \u00fadr\u017eby"}]},{"@type":"WebSite","@id":"https:\/\/www.bausta.sk\/#website","url":"https:\/\/www.bausta.sk\/","name":"Bausta","description":"Bausta - stavebn\u00e1 spolo\u010dnos\u0165","potentialAction":[{"@type":"SearchAction","target":{"@type":"EntryPoint","urlTemplate":"https:\/\/www.bausta.sk\/?s={search_term_string}"},"query-input":{"@type":"PropertyValueSpecification","valueRequired":true,"valueName":"search_term_string"}}],"inLanguage":"sk-SK"}]}},"_links":{"self":[{"href":"https:\/\/www.bausta.sk\/index.php?rest_route=\/wp\/v2\/pages\/5","targetHints":{"allow":["GET"]}}],"collection":[{"href":"https:\/\/www.bausta.sk\/index.php?rest_route=\/wp\/v2\/pages"}],"about":[{"href":"https:\/\/www.bausta.sk\/index.php?rest_route=\/wp\/v2\/types\/page"}],"author":[{"embeddable":true,"href":"https:\/\/www.bausta.sk\/index.php?rest_route=\/wp\/v2\/users\/1"}],"replies":[{"embeddable":true,"href":"https:\/\/www.bausta.sk\/index.php?rest_route=%2Fwp%2Fv2%2Fcomments&post=5"}],"version-history":[{"count":4,"href":"https:\/\/www.bausta.sk\/index.php?rest_route=\/wp\/v2\/pages\/5\/revisions"}],"predecessor-version":[{"id":10,"href":"https:\/\/www.bausta.sk\/index.php?rest_route=\/wp\/v2\/pages\/5\/revisions\/10"}],"wp:attachment":[{"href":"https:\/\/www.bausta.sk\/index.php?rest_route=%2Fwp%2Fv2%2Fmedia&parent=5"}],"curies":[{"name":"wp","href":"https:\/\/api.w.org\/{rel}","templated":true}]}}